{"id":2,"date":"2024-10-07T10:44:19","date_gmt":"2024-10-07T10:44:19","guid":{"rendered":"https:\/\/gbc-alsp.rkinformatika.online\/?page_id=2"},"modified":"2024-10-16T10:57:51","modified_gmt":"2024-10-16T10:57:51","slug":"inicio","status":"publish","type":"page","link":"https:\/\/gbc-alsp.com\/eu\/","title":{"rendered":"Hasiera"},"content":{"rendered":"\t\t<div data-elementor-type=\"wp-page\" data-elementor-id=\"2\" class=\"elementor elementor-2\" data-elementor-post-type=\"page\">\n\t\t\t\t<div class=\"elementor-element elementor-element-1b37a808 e-flex e-con-boxed e-con e-parent\" data-id=\"1b37a808\" data-element_type=\"container\" data-e-type=\"container\" data-settings=\"{&quot;background_background&quot;:&quot;slideshow&quot;,&quot;background_slideshow_gallery&quot;:[{&quot;id&quot;:1150,&quot;url&quot;:&quot;https:\\\/\\\/gbc-alsp.com\\\/wp-content\\\/uploads\\\/2024\\\/10\\\/study-2746004_1280.jpg&quot;},{&quot;id&quot;:1149,&quot;url&quot;:&quot;https:\\\/\\\/gbc-alsp.com\\\/wp-content\\\/uploads\\\/2024\\\/10\\\/office-620822_1280.jpg&quot;},{&quot;id&quot;:1147,&quot;url&quot;:&quot;https:\\\/\\\/gbc-alsp.com\\\/wp-content\\\/uploads\\\/2024\\\/10\\\/desk-3076954_1280.jpg&quot;},{&quot;id&quot;:1146,&quot;url&quot;:&quot;https:\\\/\\\/gbc-alsp.com\\\/wp-content\\\/uploads\\\/2024\\\/10\\\/desk-593327_1280.jpg&quot;},{&quot;id&quot;:1145,&quot;url&quot;:&quot;https:\\\/\\\/gbc-alsp.com\\\/wp-content\\\/uploads\\\/2024\\\/10\\\/a-book-3101151_1280.jpg&quot;}],&quot;background_slideshow_lazyload&quot;:&quot;yes&quot;,&quot;background_slideshow_ken_burns&quot;:&quot;yes&quot;,&quot;background_slideshow_loop&quot;:&quot;yes&quot;,&quot;background_slideshow_slide_duration&quot;:5000,&quot;background_slideshow_slide_transition&quot;:&quot;fade&quot;,&quot;background_slideshow_transition_duration&quot;:500,&quot;background_slideshow_ken_burns_zoom_direction&quot;:&quot;in&quot;}\">\n\t\t\t\t\t<div class=\"e-con-inner\">\n\t\t\t\t<div class=\"elementor-element elementor-element-768705e9 elementor-invisible elementor-widget elementor-widget-heading\" data-id=\"768705e9\" data-element_type=\"widget\" data-e-type=\"widget\" data-settings=\"{&quot;_animation&quot;:&quot;zoomIn&quot;}\" data-widget_type=\"heading.default\">\n\t\t\t\t<div class=\"elementor-widget-container\">\n\t\t\t\t\t<h6 class=\"elementor-heading-title elementor-size-default\">GBC - ABOGAC\u00cdA DE LOS NEGOCIOS<\/h6>\t\t\t\t<\/div>\n\t\t\t\t<\/div>\n\t\t\t\t<div class=\"elementor-element elementor-element-2b187774 elementor-widget__width-initial elementor-invisible elementor-widget elementor-widget-heading\" data-id=\"2b187774\" data-element_type=\"widget\" data-e-type=\"widget\" data-settings=\"{&quot;_animation&quot;:&quot;bounceIn&quot;}\" data-widget_type=\"heading.default\">\n\t\t\t\t<div class=\"elementor-widget-container\">\n\t\t\t\t\t<h1 class=\"elementor-heading-title elementor-size-default\">Allana tu camino emprendedor: Asesor\u00eda <br>legal desde el inicio hasta el \u00e9xito.<\/h1>\t\t\t\t<\/div>\n\t\t\t\t<\/div>\n\t\t\t\t<div class=\"elementor-element elementor-element-3a104b36 elementor-align-justify elementor-widget__width-initial elementor-invisible elementor-widget elementor-widget-button\" data-id=\"3a104b36\" data-element_type=\"widget\" data-e-type=\"widget\" data-settings=\"{&quot;_animation&quot;:&quot;zoomIn&quot;}\" data-widget_type=\"button.default\">\n\t\t\t\t<div class=\"elementor-widget-container\">\n\t\t\t\t\t\t\t\t\t<div class=\"elementor-button-wrapper\">\n\t\t\t\t\t<a class=\"elementor-button elementor-button-link elementor-size-sm elementor-animation-float\" href=\"tel:%20+34%20652%20652%20000\">\n\t\t\t\t\t\t<span class=\"elementor-button-content-wrapper\">\n\t\t\t\t\t\t<span class=\"elementor-button-icon\">\n\t\t\t\t<i aria-hidden=\"true\" class=\"rtmicon rtmicon-arrow-long-right\"><\/i>\t\t\t<\/span>\n\t\t\t\t\t\t\t\t\t<span class=\"elementor-button-text\">Previa cita<\/span>\n\t\t\t\t\t<\/span>\n\t\t\t\t\t<\/a>\n\t\t\t\t<\/div>\n\t\t\t\t\t\t\t\t<\/div>\n\t\t\t\t<\/div>\n\t\t\t\t\t<\/div>\n\t\t\t\t<\/div>\n\t\t<div class=\"elementor-element elementor-element-71e86dfb e-flex e-con-boxed e-con e-parent\" data-id=\"71e86dfb\" data-element_type=\"container\" data-e-type=\"container\">\n\t\t\t\t\t<div class=\"e-con-inner\">\n\t\t<div class=\"elementor-element elementor-element-137afc12 e-con-full e-flex elementor-invisible e-con e-child\" data-id=\"137afc12\" data-element_type=\"container\" data-e-type=\"container\" data-settings=\"{&quot;animation&quot;:&quot;fadeInLeft&quot;}\">\n\t\t\t\t<div class=\"elementor-element elementor-element-69ed2429 elementor-widget elementor-widget-image\" data-id=\"69ed2429\" data-element_type=\"widget\" data-e-type=\"widget\" data-widget_type=\"image.default\">\n\t\t\t\t<div class=\"elementor-widget-container\">\n\t\t\t\t\t\t\t\t\t\t\t\t\t\t\t<img fetchpriority=\"high\" decoding=\"async\" width=\"1485\" height=\"2048\" src=\"https:\/\/gbc-alsp.com\/wp-content\/uploads\/2024\/10\/DSC_1520-1485x2048.jpg\" class=\"attachment-2048x2048 size-2048x2048 wp-image-1148\" alt=\"\" srcset=\"https:\/\/gbc-alsp.com\/wp-content\/uploads\/2024\/10\/DSC_1520-1485x2048.jpg 1485w, https:\/\/gbc-alsp.com\/wp-content\/uploads\/2024\/10\/DSC_1520-218x300.jpg 218w, https:\/\/gbc-alsp.com\/wp-content\/uploads\/2024\/10\/DSC_1520-743x1024.jpg 743w, https:\/\/gbc-alsp.com\/wp-content\/uploads\/2024\/10\/DSC_1520-768x1059.jpg 768w, https:\/\/gbc-alsp.com\/wp-content\/uploads\/2024\/10\/DSC_1520-1114x1536.jpg 1114w, https:\/\/gbc-alsp.com\/wp-content\/uploads\/2024\/10\/DSC_1520-9x12.jpg 9w, https:\/\/gbc-alsp.com\/wp-content\/uploads\/2024\/10\/DSC_1520-scaled.jpg 1857w\" sizes=\"(max-width: 1485px) 100vw, 1485px\" \/>\t\t\t\t\t\t\t\t\t\t\t\t\t\t\t<\/div>\n\t\t\t\t<\/div>\n\t\t\t\t<\/div>\n\t\t<div class=\"elementor-element elementor-element-14b3d484 e-con-full e-flex elementor-invisible e-con e-child\" data-id=\"14b3d484\" data-element_type=\"container\" data-e-type=\"container\" data-settings=\"{&quot;background_background&quot;:&quot;classic&quot;,&quot;animation&quot;:&quot;fadeInRight&quot;}\">\n\t\t\t\t<div class=\"elementor-element elementor-element-29398157 elementor-widget elementor-widget-heading\" data-id=\"29398157\" data-element_type=\"widget\" data-e-type=\"widget\" data-widget_type=\"heading.default\">\n\t\t\t\t<div class=\"elementor-widget-container\">\n\t\t\t\t\t<h6 class=\"elementor-heading-title elementor-size-default\">Sobre Mi<\/h6>\t\t\t\t<\/div>\n\t\t\t\t<\/div>\n\t\t\t\t<div class=\"elementor-element elementor-element-6ef8355 elementor-widget elementor-widget-text-editor\" data-id=\"6ef8355\" data-element_type=\"widget\" data-e-type=\"widget\" data-widget_type=\"text-editor.default\">\n\t\t\t\t<div class=\"elementor-widget-container\">\n\t\t\t\t\t\t\t\t\t<p>Aprend\u00ed el funcionamiento de las relaciones negociales en direcci\u00f3n contraria. Empec\u00e9 por su final, liquidando contratos y relaciones societarias deterioradas y t\u00f3xicas, modulando el conflicto e intentando encauzarlo hacia una soluci\u00f3n amistosa o una decisi\u00f3n judicial o arbitral.<\/p>\n<p>Poco a poco anticip\u00e9 mi intervenci\u00f3n, asesorando en las relaciones empresariales con clientes y proveedores, buscando m\u00e1s la prevenci\u00f3n que la resoluci\u00f3n de disputas que se pod\u00edan haber evitado.<\/p>\n<p>Actualmente participo desde la propia g\u00e9nesis del proyecto empresarial, ayudando al emprendedor a establecer unas bases jur\u00eddicas s\u00f3lidas y protegerlo en su desarrollo. Cuando no se consigue evitar el conflicto, aporto la direcci\u00f3n letrada con la experiencia de ejercicio profesional desde 1997 en despachos colectivos y desempe\u00f1o ante Tribunales y Cortes arbitrales nacionales e internacionales.<\/p>\t\t\t\t\t\t\t\t<\/div>\n\t\t\t\t<\/div>\n\t\t\t\t<div class=\"elementor-element elementor-element-cb17ec3 elementor-align-justify elementor-widget__width-initial elementor-invisible elementor-widget elementor-widget-button\" data-id=\"cb17ec3\" data-element_type=\"widget\" data-e-type=\"widget\" data-settings=\"{&quot;_animation&quot;:&quot;zoomIn&quot;}\" data-widget_type=\"button.default\">\n\t\t\t\t<div class=\"elementor-widget-container\">\n\t\t\t\t\t\t\t\t\t<div class=\"elementor-button-wrapper\">\n\t\t\t\t\t<a class=\"elementor-button elementor-button-link elementor-size-sm elementor-animation-float\" href=\"https:\/\/gbc-alsp.com\/contacto\/\">\n\t\t\t\t\t\t<span class=\"elementor-button-content-wrapper\">\n\t\t\t\t\t\t<span class=\"elementor-button-icon\">\n\t\t\t\t<i aria-hidden=\"true\" class=\"rtmicon rtmicon-arrow-long-right\"><\/i>\t\t\t<\/span>\n\t\t\t\t\t\t\t\t\t<span class=\"elementor-button-text\">Cont\u00e1ctanos<\/span>\n\t\t\t\t\t<\/span>\n\t\t\t\t\t<\/a>\n\t\t\t\t<\/div>\n\t\t\t\t\t\t\t\t<\/div>\n\t\t\t\t<\/div>\n\t\t\t\t<\/div>\n\t\t\t\t\t<\/div>\n\t\t\t\t<\/div>\n\t\t<div class=\"elementor-element elementor-element-3031fa40 e-flex e-con-boxed e-con e-parent\" data-id=\"3031fa40\" data-element_type=\"container\" data-e-type=\"container\" data-settings=\"{&quot;background_background&quot;:&quot;classic&quot;}\">\n\t\t\t\t\t<div class=\"e-con-inner\">\n\t\t\t\t<div class=\"elementor-element elementor-element-1f2243d4 elementor-widget__width-initial elementor-invisible elementor-widget elementor-widget-heading\" data-id=\"1f2243d4\" data-element_type=\"widget\" data-e-type=\"widget\" data-settings=\"{&quot;_animation&quot;:&quot;bounceIn&quot;}\" data-widget_type=\"heading.default\">\n\t\t\t\t<div class=\"elementor-widget-container\">\n\t\t\t\t\t<h3 class=\"elementor-heading-title elementor-size-default\">Asesor\u00eda Legal Integral para Emprendedores: <\/h3>\t\t\t\t<\/div>\n\t\t\t\t<\/div>\n\t\t\t\t<div class=\"elementor-element elementor-element-6387d69 elementor-widget__width-initial elementor-invisible elementor-widget elementor-widget-heading\" data-id=\"6387d69\" data-element_type=\"widget\" data-e-type=\"widget\" data-settings=\"{&quot;_animation&quot;:&quot;zoomIn&quot;}\" data-widget_type=\"heading.default\">\n\t\t\t\t<div class=\"elementor-widget-container\">\n\t\t\t\t\t<h3 class=\"elementor-heading-title elementor-size-default\">Apoyo Jur\u00eddico en Cada Etapa de tu Negocio<\/h3>\t\t\t\t<\/div>\n\t\t\t\t<\/div>\n\t\t\t\t<div class=\"elementor-element elementor-element-708ee17f elementor-widget-divider--view-line_icon elementor-view-default elementor-widget-divider--element-align-center elementor-invisible elementor-widget elementor-widget-divider\" data-id=\"708ee17f\" data-element_type=\"widget\" data-e-type=\"widget\" data-settings=\"{&quot;_animation&quot;:&quot;bounceIn&quot;}\" data-widget_type=\"divider.default\">\n\t\t\t\t<div class=\"elementor-widget-container\">\n\t\t\t\t\t\t\t<div class=\"elementor-divider\">\n\t\t\t<span class=\"elementor-divider-separator\">\n\t\t\t\t\t\t\t<div class=\"elementor-icon elementor-divider__element\">\n\t\t\t\t\t<i aria-hidden=\"true\" class=\"rtmicon rtmicon-scale-unbalance\"><\/i><\/div>\n\t\t\t\t\t\t<\/span>\n\t\t<\/div>\n\t\t\t\t\t\t<\/div>\n\t\t\t\t<\/div>\n\t\t\t\t<div class=\"elementor-element elementor-element-38cc920 elementor-widget__width-initial elementor-invisible elementor-widget elementor-widget-text-editor\" data-id=\"38cc920\" data-element_type=\"widget\" data-e-type=\"widget\" data-settings=\"{&quot;_animation&quot;:&quot;zoomIn&quot;}\" data-widget_type=\"text-editor.default\">\n\t\t\t\t<div class=\"elementor-widget-container\">\n\t\t\t\t\t\t\t\t\t<p>Ofrezco apoyo legal completo para emprendedores, ayud\u00e1ndote a desarrollar tu negocio sin preocuparte por los aspectos legales. Desde el inicio de tu proyecto y durante toda la vida de tu empresa, te asesoro en cuestiones normativas internas y en los acuerdos legales que realices. Tambi\u00e9n represento y protejo los intereses de tu empresa en litigios civiles y mercantiles, asegurando que tus necesidades legales est\u00e9n cubiertas en cada etapa.<\/p>\t\t\t\t\t\t\t\t<\/div>\n\t\t\t\t<\/div>\n\t\t\t\t\t<\/div>\n\t\t\t\t<\/div>\n\t\t<div class=\"elementor-element elementor-element-5eefdba5 e-flex e-con-boxed e-con e-parent\" data-id=\"5eefdba5\" data-element_type=\"container\" data-e-type=\"container\" data-settings=\"{&quot;background_background&quot;:&quot;classic&quot;}\">\n\t\t\t\t\t<div class=\"e-con-inner\">\n\t\t<div class=\"elementor-element elementor-element-6c327486 e-flex e-con-boxed e-con e-child\" data-id=\"6c327486\" data-element_type=\"container\" data-e-type=\"container\">\n\t\t\t\t\t<div class=\"e-con-inner\">\n\t\t\t\t<div class=\"elementor-element elementor-element-52a8aee4 elementor-invisible elementor-widget elementor-widget-testimonial\" data-id=\"52a8aee4\" data-element_type=\"widget\" data-e-type=\"widget\" data-settings=\"{&quot;_animation&quot;:&quot;zoomIn&quot;}\" data-widget_type=\"testimonial.default\">\n\t\t\t\t<div class=\"elementor-widget-container\">\n\t\t\t\t\t\t\t<div class=\"elementor-testimonial-wrapper\">\n\t\t\t\t\t\t\t<div class=\"elementor-testimonial-content\">\u00bfListo para simplificar lo jur\u00eddico?<\/div>\n\t\t\t\n\t\t\t\t\t<\/div>\n\t\t\t\t\t\t<\/div>\n\t\t\t\t<\/div>\n\t\t\t\t<div class=\"elementor-element elementor-element-15da53f elementor-invisible elementor-widget elementor-widget-testimonial\" data-id=\"15da53f\" data-element_type=\"widget\" data-e-type=\"widget\" data-settings=\"{&quot;_animation&quot;:&quot;bounceIn&quot;}\" data-widget_type=\"testimonial.default\">\n\t\t\t\t<div class=\"elementor-widget-container\">\n\t\t\t\t\t\t\t<div class=\"elementor-testimonial-wrapper\">\n\t\t\t\t\t\t\t<div class=\"elementor-testimonial-content\">Simplificamos lo Jur\u00eddico para Impulsar tu Visi\u00f3n.<\/div>\n\t\t\t\n\t\t\t\t\t<\/div>\n\t\t\t\t\t\t<\/div>\n\t\t\t\t<\/div>\n\t\t\t\t<div class=\"elementor-element elementor-element-a49f875 elementor-align-center elementor-mobile-align-justify elementor-invisible elementor-widget elementor-widget-button\" data-id=\"a49f875\" data-element_type=\"widget\" data-e-type=\"widget\" data-settings=\"{&quot;_animation&quot;:&quot;fadeInUp&quot;}\" data-widget_type=\"button.default\">\n\t\t\t\t<div class=\"elementor-widget-container\">\n\t\t\t\t\t\t\t\t\t<div class=\"elementor-button-wrapper\">\n\t\t\t\t\t<a class=\"elementor-button elementor-button-link elementor-size-sm\" href=\"https:\/\/gbc-alsp.com\/servicios\/\">\n\t\t\t\t\t\t<span class=\"elementor-button-content-wrapper\">\n\t\t\t\t\t\t\t\t\t<span class=\"elementor-button-text\">Saber M\u00e1s<\/span>\n\t\t\t\t\t<\/span>\n\t\t\t\t\t<\/a>\n\t\t\t\t<\/div>\n\t\t\t\t\t\t\t\t<\/div>\n\t\t\t\t<\/div>\n\t\t\t\t\t<\/div>\n\t\t\t\t<\/div>\n\t\t\t\t\t<\/div>\n\t\t\t\t<\/div>\n\t\t\t\t<\/div>\n\t\t","protected":false},"excerpt":{"rendered":"<p>GBC &#8211; ABOGAC\u00cdA DE LOS NEGOCIOS Allana tu camino emprendedor: Asesor\u00eda legal desde el inicio hasta el \u00e9xito. Previa cita Sobre Mi Aprend\u00ed el funcionamiento de las relaciones negociales en direcci\u00f3n contraria. Empec\u00e9 por su final, liquidando contratos y relaciones societarias deterioradas y t\u00f3xicas, modulando el conflicto e intentando encauzarlo hacia una soluci\u00f3n amistosa o [&hellip;]<\/p>\n","protected":false},"author":1,"featured_media":0,"parent":0,"menu_order":0,"comment_status":"closed","ping_status":"closed","template":"elementor_canvas","meta":{"footnotes":""},"class_list":["post-2","page","type-page","status-publish","hentry"],"yoast_head":"<!-- This site is optimized with the Yoast SEO plugin v27.4 - https:\/\/yoast.com\/product\/yoast-seo-wordpress\/ -->\n<title>Inicio - GBC - ABOGAC\u00cdA DE LOS NEGOCIOS<\/title>\n<meta name=\"robots\" content=\"index, follow, max-snippet:-1, max-image-preview:large, max-video-preview:-1\" \/>\n<link rel=\"canonical\" href=\"https:\/\/gbc-alsp.com\/eu\/\" \/>\n<meta property=\"og:locale\" content=\"en_US\" \/>\n<meta property=\"og:type\" content=\"article\" \/>\n<meta property=\"og:title\" content=\"Inicio - GBC - ABOGAC\u00cdA DE LOS NEGOCIOS\" \/>\n<meta property=\"og:description\" content=\"GBC &#8211; ABOGAC\u00cdA DE LOS NEGOCIOS Allana tu camino emprendedor: Asesor\u00eda legal desde el inicio hasta el \u00e9xito. Previa cita Sobre Mi Aprend\u00ed el funcionamiento de las relaciones negociales en direcci\u00f3n contraria. Empec\u00e9 por su final, liquidando contratos y relaciones societarias deterioradas y t\u00f3xicas, modulando el conflicto e intentando encauzarlo hacia una soluci\u00f3n amistosa o [&hellip;]\" \/>\n<meta property=\"og:url\" content=\"https:\/\/gbc-alsp.com\/eu\/\" \/>\n<meta property=\"og:site_name\" content=\"GBC - ABOGAC\u00cdA DE LOS NEGOCIOS\" \/>\n<meta property=\"article:modified_time\" content=\"2024-10-16T10:57:51+00:00\" \/>\n<meta property=\"og:image\" content=\"https:\/\/gbc-alsp.com\/wp-content\/uploads\/2024\/10\/DSC_1520-1485x2048.jpg\" \/>\n<meta name=\"twitter:card\" content=\"summary_large_image\" \/>\n<meta name=\"twitter:label1\" content=\"Est. reading time\" \/>\n\t<meta name=\"twitter:data1\" content=\"2 minutua\" \/>\n<script type=\"application\/ld+json\" class=\"yoast-schema-graph\">{\"@context\":\"https:\\\/\\\/schema.org\",\"@graph\":[{\"@type\":\"WebPage\",\"@id\":\"https:\\\/\\\/gbc-alsp.com\\\/\",\"url\":\"https:\\\/\\\/gbc-alsp.com\\\/\",\"name\":\"Inicio - GBC - ABOGAC\u00cdA DE LOS NEGOCIOS\",\"isPartOf\":{\"@id\":\"https:\\\/\\\/gbc-alsp.com\\\/#website\"},\"primaryImageOfPage\":{\"@id\":\"https:\\\/\\\/gbc-alsp.com\\\/#primaryimage\"},\"image\":{\"@id\":\"https:\\\/\\\/gbc-alsp.com\\\/#primaryimage\"},\"thumbnailUrl\":\"https:\\\/\\\/gbc-alsp.com\\\/wp-content\\\/uploads\\\/2024\\\/10\\\/DSC_1520-1485x2048.jpg\",\"datePublished\":\"2024-10-07T10:44:19+00:00\",\"dateModified\":\"2024-10-16T10:57:51+00:00\",\"breadcrumb\":{\"@id\":\"https:\\\/\\\/gbc-alsp.com\\\/#breadcrumb\"},\"inLanguage\":\"eu\",\"potentialAction\":[{\"@type\":\"ReadAction\",\"target\":[\"https:\\\/\\\/gbc-alsp.com\\\/\"]}]},{\"@type\":\"ImageObject\",\"inLanguage\":\"eu\",\"@id\":\"https:\\\/\\\/gbc-alsp.com\\\/#primaryimage\",\"url\":\"https:\\\/\\\/gbc-alsp.com\\\/wp-content\\\/uploads\\\/2024\\\/10\\\/DSC_1520-1485x2048.jpg\",\"contentUrl\":\"https:\\\/\\\/gbc-alsp.com\\\/wp-content\\\/uploads\\\/2024\\\/10\\\/DSC_1520-1485x2048.jpg\"},{\"@type\":\"BreadcrumbList\",\"@id\":\"https:\\\/\\\/gbc-alsp.com\\\/#breadcrumb\",\"itemListElement\":[{\"@type\":\"ListItem\",\"position\":1,\"name\":\"Portada\",\"item\":\"https:\\\/\\\/gbc-alsp.com\\\/\"},{\"@type\":\"ListItem\",\"position\":2,\"name\":\"Inicio\"}]},{\"@type\":\"WebSite\",\"@id\":\"https:\\\/\\\/gbc-alsp.com\\\/#website\",\"url\":\"https:\\\/\\\/gbc-alsp.com\\\/\",\"name\":\"GBC - ABOGAC\u00cdA DE LOS NEGOCIOS\",\"description\":\"\",\"publisher\":{\"@id\":\"https:\\\/\\\/gbc-alsp.com\\\/#organization\"},\"potentialAction\":[{\"@type\":\"SearchAction\",\"target\":{\"@type\":\"EntryPoint\",\"urlTemplate\":\"https:\\\/\\\/gbc-alsp.com\\\/?s={search_term_string}\"},\"query-input\":{\"@type\":\"PropertyValueSpecification\",\"valueRequired\":true,\"valueName\":\"search_term_string\"}}],\"inLanguage\":\"eu\"},{\"@type\":\"Organization\",\"@id\":\"https:\\\/\\\/gbc-alsp.com\\\/#organization\",\"name\":\"GBC - ABOGAC\u00cdA DE LOS NEGOCIOS\",\"url\":\"https:\\\/\\\/gbc-alsp.com\\\/\",\"logo\":{\"@type\":\"ImageObject\",\"inLanguage\":\"eu\",\"@id\":\"https:\\\/\\\/gbc-alsp.com\\\/#\\\/schema\\\/logo\\\/image\\\/\",\"url\":\"https:\\\/\\\/gbc-alsp.com\\\/wp-content\\\/uploads\\\/2024\\\/10\\\/cropped-P76_GBC_logo_01.png\",\"contentUrl\":\"https:\\\/\\\/gbc-alsp.com\\\/wp-content\\\/uploads\\\/2024\\\/10\\\/cropped-P76_GBC_logo_01.png\",\"width\":785,\"height\":651,\"caption\":\"GBC - ABOGAC\u00cdA DE LOS NEGOCIOS\"},\"image\":{\"@id\":\"https:\\\/\\\/gbc-alsp.com\\\/#\\\/schema\\\/logo\\\/image\\\/\"}}]}<\/script>\n<!-- \/ Yoast SEO plugin. -->","yoast_head_json":{"title":"Inicio - GBC - ABOGAC\u00cdA DE LOS NEGOCIOS","robots":{"index":"index","follow":"follow","max-snippet":"max-snippet:-1","max-image-preview":"max-image-preview:large","max-video-preview":"max-video-preview:-1"},"canonical":"https:\/\/gbc-alsp.com\/eu\/","og_locale":"en_US","og_type":"article","og_title":"Inicio - GBC - ABOGAC\u00cdA DE LOS NEGOCIOS","og_description":"GBC &#8211; ABOGAC\u00cdA DE LOS NEGOCIOS Allana tu camino emprendedor: Asesor\u00eda legal desde el inicio hasta el \u00e9xito. Previa cita Sobre Mi Aprend\u00ed el funcionamiento de las relaciones negociales en direcci\u00f3n contraria. Empec\u00e9 por su final, liquidando contratos y relaciones societarias deterioradas y t\u00f3xicas, modulando el conflicto e intentando encauzarlo hacia una soluci\u00f3n amistosa o [&hellip;]","og_url":"https:\/\/gbc-alsp.com\/eu\/","og_site_name":"GBC - ABOGAC\u00cdA DE LOS NEGOCIOS","article_modified_time":"2024-10-16T10:57:51+00:00","og_image":[{"url":"https:\/\/gbc-alsp.com\/wp-content\/uploads\/2024\/10\/DSC_1520-1485x2048.jpg","type":"","width":"","height":""}],"twitter_card":"summary_large_image","twitter_misc":{"Est. reading time":"2 minutua"},"schema":{"@context":"https:\/\/schema.org","@graph":[{"@type":"WebPage","@id":"https:\/\/gbc-alsp.com\/","url":"https:\/\/gbc-alsp.com\/","name":"Inicio - GBC - ABOGAC\u00cdA DE LOS NEGOCIOS","isPartOf":{"@id":"https:\/\/gbc-alsp.com\/#website"},"primaryImageOfPage":{"@id":"https:\/\/gbc-alsp.com\/#primaryimage"},"image":{"@id":"https:\/\/gbc-alsp.com\/#primaryimage"},"thumbnailUrl":"https:\/\/gbc-alsp.com\/wp-content\/uploads\/2024\/10\/DSC_1520-1485x2048.jpg","datePublished":"2024-10-07T10:44:19+00:00","dateModified":"2024-10-16T10:57:51+00:00","breadcrumb":{"@id":"https:\/\/gbc-alsp.com\/#breadcrumb"},"inLanguage":"eu","potentialAction":[{"@type":"ReadAction","target":["https:\/\/gbc-alsp.com\/"]}]},{"@type":"ImageObject","inLanguage":"eu","@id":"https:\/\/gbc-alsp.com\/#primaryimage","url":"https:\/\/gbc-alsp.com\/wp-content\/uploads\/2024\/10\/DSC_1520-1485x2048.jpg","contentUrl":"https:\/\/gbc-alsp.com\/wp-content\/uploads\/2024\/10\/DSC_1520-1485x2048.jpg"},{"@type":"BreadcrumbList","@id":"https:\/\/gbc-alsp.com\/#breadcrumb","itemListElement":[{"@type":"ListItem","position":1,"name":"Portada","item":"https:\/\/gbc-alsp.com\/"},{"@type":"ListItem","position":2,"name":"Inicio"}]},{"@type":"WebSite","@id":"https:\/\/gbc-alsp.com\/#website","url":"https:\/\/gbc-alsp.com\/","name":"GBC - NEGOZIOEN ABOKATUTZA","description":"","publisher":{"@id":"https:\/\/gbc-alsp.com\/#organization"},"potentialAction":[{"@type":"SearchAction","target":{"@type":"EntryPoint","urlTemplate":"https:\/\/gbc-alsp.com\/?s={search_term_string}"},"query-input":{"@type":"PropertyValueSpecification","valueRequired":true,"valueName":"search_term_string"}}],"inLanguage":"eu"},{"@type":"Organization","@id":"https:\/\/gbc-alsp.com\/#organization","name":"GBC - NEGOZIOEN ABOKATUTZA","url":"https:\/\/gbc-alsp.com\/","logo":{"@type":"ImageObject","inLanguage":"eu","@id":"https:\/\/gbc-alsp.com\/#\/schema\/logo\/image\/","url":"https:\/\/gbc-alsp.com\/wp-content\/uploads\/2024\/10\/cropped-P76_GBC_logo_01.png","contentUrl":"https:\/\/gbc-alsp.com\/wp-content\/uploads\/2024\/10\/cropped-P76_GBC_logo_01.png","width":785,"height":651,"caption":"GBC - ABOGAC\u00cdA DE LOS NEGOCIOS"},"image":{"@id":"https:\/\/gbc-alsp.com\/#\/schema\/logo\/image\/"}}]}},"_links":{"self":[{"href":"https:\/\/gbc-alsp.com\/eu\/wp-json\/wp\/v2\/pages\/2","targetHints":{"allow":["GET"]}}],"collection":[{"href":"https:\/\/gbc-alsp.com\/eu\/wp-json\/wp\/v2\/pages"}],"about":[{"href":"https:\/\/gbc-alsp.com\/eu\/wp-json\/wp\/v2\/types\/page"}],"author":[{"embeddable":true,"href":"https:\/\/gbc-alsp.com\/eu\/wp-json\/wp\/v2\/users\/1"}],"replies":[{"embeddable":true,"href":"https:\/\/gbc-alsp.com\/eu\/wp-json\/wp\/v2\/comments?post=2"}],"version-history":[{"count":301,"href":"https:\/\/gbc-alsp.com\/eu\/wp-json\/wp\/v2\/pages\/2\/revisions"}],"predecessor-version":[{"id":1192,"href":"https:\/\/gbc-alsp.com\/eu\/wp-json\/wp\/v2\/pages\/2\/revisions\/1192"}],"wp:attachment":[{"href":"https:\/\/gbc-alsp.com\/eu\/wp-json\/wp\/v2\/media?parent=2"}],"curies":[{"name":"wp","href":"https:\/\/api.w.org\/{rel}","templated":true}]}}